{"id":1081,"date":"2026-04-13T14:24:32","date_gmt":"2026-04-13T14:24:32","guid":{"rendered":"https:\/\/sgluxurycars.axia.vn\/?post_type=product&#038;p=1081"},"modified":"2026-04-19T16:42:01","modified_gmt":"2026-04-19T16:42:01","slug":"mercedes-cla-200","status":"publish","type":"product","link":"https:\/\/sgluxurycar.com\/en\/product\/mercedes-cla-200\/","title":{"rendered":"Mercedes Cla 200"},"content":{"rendered":"<h1 data-path-to-node=\"3\">Thu\u00ea Xe Sang Mercedes \u2013 D\u1ecbch V\u1ee5 Xe C\u01b0\u1edbi \u0110\u1eb3ng C\u1ea5p T\u1ea1i SG Luxury Car<\/h1>\n<p data-path-to-node=\"4\">B\u1ea1n \u0111ang chu\u1ea9n b\u1ecb cho ng\u00e0y tr\u1ecdng \u0111\u1ea1i v\u00e0 mu\u1ed1n t\u00ecm ki\u1ebfm m\u1ed9t \u0111\u01a1n v\u1ecb <b data-path-to-node=\"4\" data-index-in-node=\"65\">thu\u00ea xe sang<\/b> \u0111\u1ec3 l\u00e0m ph\u01b0\u01a1ng ti\u1ec7n r\u01b0\u1edbc d\u00e2u? M\u1ed9t chi\u1ebfc xe c\u01b0\u1edbi cao c\u1ea5p kh\u00f4ng ch\u1ec9 l\u00e0 ph\u01b0\u01a1ng ti\u1ec7n di chuy\u1ec3n m\u00e0 c\u00f2n l\u00e0 bi\u1ec3u t\u01b0\u1ee3ng c\u1ee7a s\u1ef1 tr\u00e2n tr\u1ecdng v\u00e0 \u0111\u1eb3ng c\u1ea5p. H\u00e3y c\u00f9ng kh\u00e1m ph\u00e1 d\u1ecbch v\u1ee5 <b data-path-to-node=\"4\" data-index-in-node=\"246\">cho thu\u00ea xe c\u01b0\u1edbi Mercedes<\/b> t\u1ea1i <b data-path-to-node=\"4\" data-index-in-node=\"276\">SG Luxury Car<\/b> \u2013 n\u01a1i bi\u1ebfn gi\u1ea5c m\u01a1 v\u1ec1 m\u1ed9t \u0111\u00e1m c\u01b0\u1edbi ho\u00e0ng gia c\u1ee7a b\u1ea1n th\u00e0nh hi\u1ec7n th\u1ef1c.<\/p>\n<h2 data-path-to-node=\"5\">1. T\u1ea1i sao n\u00ean ch\u1ecdn thu\u00ea xe sang Mercedes cho ng\u00e0y c\u01b0\u1edbi?<\/h2>\n<p data-path-to-node=\"6\">Trong ph\u00e2n kh\u00fac <b data-path-to-node=\"6\" data-index-in-node=\"16\">thu\u00ea xe sang<\/b>, Mercedes-Benz lu\u00f4n l\u00e0 c\u00e1i t\u00ean \u0111\u1ee9ng \u0111\u1ea7u b\u1ea3ng nh\u1edd s\u1ef1 k\u1ebft h\u1ee3p ho\u00e0n h\u1ea3o gi\u1eefa v\u1ebb \u0111\u1eb9p c\u1ed5 \u0111i\u1ec3n v\u00e0 c\u00f4ng ngh\u1ec7 hi\u1ec7n \u0111\u1ea1i.<\/p>\n<ul data-path-to-node=\"7\">\n<li>\n<p data-path-to-node=\"7,0,0\"><b data-path-to-node=\"7,0,0\" data-index-in-node=\"0\">Kh\u1eb3ng \u0111\u1ecbnh \u0111\u1eb3ng c\u1ea5p:<\/b> S\u1edf h\u1eefu thi\u1ebft k\u1ebf sang tr\u1ecdng, l\u1ecbch l\u00e3m, Mercedes gi\u00fap c\u00f4 d\u00e2u ch\u00fa r\u1ec3 tr\u1edf th\u00e0nh t\u00e2m \u0111i\u1ec3m c\u1ee7a m\u1ecdi \u00e1nh nh\u00ecn.<\/p>\n<\/li>\n<li>\n<p data-path-to-node=\"7,1,0\"><b data-path-to-node=\"7,1,0\" data-index-in-node=\"0\">Kh\u00f4ng gian n\u1ed9i th\u1ea5t \u01b0u vi\u1ec7t:<\/b> V\u1edbi gh\u1ebf da cao c\u1ea5p, h\u1ec7 th\u1ed1ng ch\u1ed1ng \u1ed3n tuy\u1ec7t \u0111\u1ed1i v\u00e0 \u0111i\u1ec1u h\u00f2a \u0111a v\u00f9ng, b\u1ea1n s\u1ebd c\u00f3 nh\u1eefng ph\u00fat gi\u00e2y th\u01b0 gi\u00e3n, gi\u1ea3m b\u1edbt c\u0103ng th\u1eb3ng tr\u01b0\u1edbc khi b\u01b0\u1edbc v\u00e0o l\u1ec5 \u0111\u01b0\u1eddng.<\/p>\n<\/li>\n<li>\n<p data-path-to-node=\"7,2,0\"><b data-path-to-node=\"7,2,0\" data-index-in-node=\"0\">Ti\u1ebft ki\u1ec7m th\u1eddi gian:<\/b> Khi ch\u1ecdn d\u1ecbch v\u1ee5 <b data-path-to-node=\"7,2,0\" data-index-in-node=\"38\">thu\u00ea xe sang<\/b> tr\u1ecdn g\u00f3i, b\u1ea1n s\u1ebd kh\u00f4ng ph\u1ea3i lo l\u1eafng v\u1ec1 vi\u1ec7c t\u00ecm \u0111\u01b0\u1eddng hay t\u00e0i x\u1ebf. <b data-path-to-node=\"7,2,0\" data-index-in-node=\"117\">SG Luxury Car<\/b> s\u1ebd \u0111i\u1ec1u ph\u1ed1i m\u1ecdi l\u1ecbch tr\u00ecnh ch\u00ednh x\u00e1c \u0111\u1ebfn t\u1eebng ph\u00fat.<\/p>\n<\/li>\n<\/ul>\n<h2 data-path-to-node=\"8\">2. C\u00e1c d\u00f2ng xe Mercedes c\u1ef1c hot t\u1ea1i SG Luxury Car<\/h2>\n<p data-path-to-node=\"9\">T\u1ef1 h\u00e0o l\u00e0 \u0111\u01a1n v\u1ecb d\u1eabn \u0111\u1ea7u trong l\u0129nh v\u1ef1c cho <b data-path-to-node=\"9\" data-index-in-node=\"44\">thu\u00ea xe sang<\/b> t\u1ea1i TP.HCM, SG Luxury Car s\u1edf h\u1eefu b\u1ed9 s\u01b0u t\u1eadp Mercedes \u0111a d\u1ea1ng, ph\u00f9 h\u1ee3p v\u1edbi m\u1ecdi phong c\u00e1ch:<\/p>\n<h3 data-path-to-node=\"10\">Mercedes C-Class: Tr\u1ebb trung v\u00e0 n\u0103ng \u0111\u1ed9ng<\/h3>\n<p data-path-to-node=\"11\">D\u00f2ng xe d\u00e0nh cho c\u00e1c c\u1eb7p \u0111\u00f4i y\u00eau th\u00edch s\u1ef1 hi\u1ec7n \u0111\u1ea1i v\u00e0 linh ho\u1ea1t.<\/p>\n<ul data-path-to-node=\"12\">\n<li>\n<p data-path-to-node=\"12,0,0\"><b data-path-to-node=\"12,0,0\" data-index-in-node=\"0\">C\u00e1c model:<\/b> C200, C250, C300 AMG.<\/p>\n<\/li>\n<li>\n<p data-path-to-node=\"12,1,0\"><b data-path-to-node=\"12,1,0\" data-index-in-node=\"0\">M\u00e0u s\u1eafc:<\/b> Tr\u1eafng tinh kh\u00f4i v\u00e0 \u0110en huy\u1ec1n b\u00ed.<\/p>\n<\/li>\n<\/ul>\n<h3 data-path-to-node=\"13\">Mercedes E-Class: Sang tr\u1ecdng v\u00e0 tinh t\u1ebf<\/h3>\n<p data-path-to-node=\"14\">S\u1ef1 l\u1ef1a ch\u1ecdn trung h\u00f2a gi\u1eefa n\u00e9t tr\u1ebb trung c\u1ee7a C-Class v\u00e0 s\u1ef1 b\u1ec1 th\u1ebf c\u1ee7a S-Class.<\/p>\n<ul data-path-to-node=\"15\">\n<li>\n<p data-path-to-node=\"15,0,0\"><b data-path-to-node=\"15,0,0\" data-index-in-node=\"0\">C\u00e1c model:<\/b> E200, E250, E300.<\/p>\n<\/li>\n<\/ul>\n<h3 data-path-to-node=\"16\">Mercedes S-Class &amp; Maybach: \u0110\u1eb3ng c\u1ea5p th\u01b0\u1ee3ng l\u01b0u<\/h3>\n<p data-path-to-node=\"17\">D\u00f2ng xe &#8220;vua&#8221; trong gi\u1edbi xe c\u01b0\u1edbi. N\u1ebfu b\u1ea1n mu\u1ed1n tr\u1ea3i nghi\u1ec7m s\u1ef1 xa hoa b\u1eadc nh\u1ea5t, \u0111\u00e2y l\u00e0 l\u1ef1a ch\u1ecdn kh\u00f4ng th\u1ec3 b\u1ecf qua.<\/p>\n<ul data-path-to-node=\"18\">\n<li>\n<p data-path-to-node=\"18,0,0\"><b data-path-to-node=\"18,0,0\" data-index-in-node=\"0\">C\u00e1c model:<\/b> S450, S500, S63 AMG v\u00e0 c\u00e1c d\u00f2ng Maybach si\u00eau sang.<\/p>\n<\/li>\n<li>\n<p data-path-to-node=\"18,1,0\"><b data-path-to-node=\"18,1,0\" data-index-in-node=\"0\">M\u1ee9c gi\u00e1:<\/b> Ch\u1ec9 t\u1eeb h\u01a1n 3 tri\u1ec7u \u0111\u1ed3ng cho m\u1ed9t h\u00e0nh tr\u00ecnh \u0111\u1eb3ng c\u1ea5p.<\/p>\n<\/li>\n<\/ul>\n<h2 data-path-to-node=\"19\">3. SG Luxury Car \u2013 \u0110\u1ecba ch\u1ec9 thu\u00ea xe sang uy t\u00edn h\u00e0ng \u0111\u1ea7u<\/h2>\n<p data-path-to-node=\"20\">T\u1ea1i sao h\u00e0ng ng\u00e0n c\u1eb7p \u0111\u00f4i \u0111\u00e3 tin t\u01b0\u1edfng l\u1ef1a ch\u1ecdn d\u1ecbch v\u1ee5 c\u1ee7a ch\u00fang t\u00f4i?<\/p>\n<ul data-path-to-node=\"21\">\n<li>\n<p data-path-to-node=\"21,0,0\"><b data-path-to-node=\"21,0,0\" data-index-in-node=\"0\">H\u01a1n 10 n\u0103m kinh nghi\u1ec7m:<\/b> Ch\u00fang t\u00f4i am hi\u1ec3u s\u00e2u s\u1eafc v\u1ec1 d\u1ecbch v\u1ee5 <b data-path-to-node=\"21,0,0\" data-index-in-node=\"61\">thu\u00ea xe sang<\/b> v\u00e0 c\u00e1c nghi l\u1ec5 c\u01b0\u1edbi h\u1ecfi v\u00f9ng mi\u1ec1n.<\/p>\n<\/li>\n<li>\n<p data-path-to-node=\"21,1,0\"><b data-path-to-node=\"21,1,0\" data-index-in-node=\"0\">T\u00e0i x\u1ebf chuy\u00ean nghi\u1ec7p:<\/b> \u0110\u1ed9i ng\u0169 l\u00e1i xe \u0111\u01b0\u1ee3c \u0111\u00e0o t\u1ea1o b\u00e0i b\u1ea3n, phong th\u00e1i l\u1ecbch s\u1ef1, \u0111\u00fang gi\u1edd v\u00e0 lu\u00f4n h\u1ed7 tr\u1ee3 kh\u00e1ch h\u00e0ng nhi\u1ec7t t\u00ecnh.<\/p>\n<\/li>\n<li>\n<p data-path-to-node=\"21,2,0\"><b data-path-to-node=\"21,2,0\" data-index-in-node=\"0\">D\u1ecbch v\u1ee5 \u0111i k\u00e8m \u0111a d\u1ea1ng:<\/b> SG Luxury Car cung c\u1ea5p g\u00f3i trang tr\u00ed hoa c\u01b0\u1edbi (hoa t\u01b0\u01a1i\/hoa l\u1ee5a), b\u1ea3ng t\u00ean thi\u1ebft k\u1ebf ri\u00eang v\u00e0 h\u1ed7 tr\u1ee3 quay phim, ch\u1ee5p \u1ea3nh theo y\u00eau c\u1ea7u.<\/p>\n<\/li>\n<li>\n<p data-path-to-node=\"21,3,0\"><b data-path-to-node=\"21,3,0\" data-index-in-node=\"0\">H\u1ee3p \u0111\u1ed3ng minh b\u1ea1ch:<\/b> Gi\u00e1 thu\u00ea xe \u0111\u01b0\u1ee3c ni\u00eam y\u1ebft r\u00f5 r\u00e0ng, cam k\u1ebft kh\u00f4ng ph\u00e1t sinh chi ph\u00ed \u1ea9n.<\/p>\n<\/li>\n<\/ul>\n<h2 data-path-to-node=\"22\">4. Nh\u1eefng c\u00e2u h\u1ecfi th\u01b0\u1eddng g\u1eb7p khi thu\u00ea xe sang Mercedes<\/h2>\n<h3 data-path-to-node=\"23\">Thu\u00ea xe sang Mercedes gi\u00e1 c\u00f3 \u0111\u1eaft kh\u00f4ng?<\/h3>\n<p data-path-to-node=\"24\">Gi\u00e1 thu\u00ea xe ph\u1ee5 thu\u1ed9c v\u00e0o d\u00f2ng xe b\u1ea1n ch\u1ecdn v\u00e0 th\u1eddi gian s\u1eed d\u1ee5ng (n\u1ed9i th\u00e0nh hay ngo\u1ea1i t\u1ec9nh). SG Luxury Car lu\u00f4n c\u00f3 c\u00e1c g\u00f3i combo linh ho\u1ea1t \u0111\u1ec3 \u0111\u1ea3m b\u1ea3o b\u1ea1n nh\u1eadn \u0111\u01b0\u1ee3c m\u1ee9c gi\u00e1 t\u1ed1i \u01b0u nh\u1ea5t cho m\u1ed9t d\u1ecbch v\u1ee5 cao c\u1ea5p.<\/p>\n<h3 data-path-to-node=\"25\">C\u1ea7n l\u01b0u \u00fd g\u00ec khi \u0111\u1eb7t d\u1ecbch v\u1ee5?<\/h3>\n<p data-path-to-node=\"26\">\u0110\u1ec3 \u0111\u1ea3m b\u1ea3o c\u00f2n xe \u0111\u1eb9p v\u00e0o nh\u1eefng ng\u00e0y cao \u0111i\u1ec3m, ch\u00fang t\u00f4i khuy\u00ean b\u1ea1n n\u00ean \u0111\u1eb7t l\u1ecbch tr\u01b0\u1edbc \u00edt nh\u1ea5t 1 th\u00e1ng. B\u1ea1n ch\u1ec9 c\u1ea7n chu\u1ea9n b\u1ecb th\u00f4ng tin l\u1ed9 tr\u00ecnh (\u0111i\u1ec3m \u0111i, \u0111i\u1ec3m \u0111\u1ebfn, th\u1eddi gian \u0111\u00f3n d\u00e2u), m\u1ecdi th\u1ee7 t\u1ee5c c\u00f2n l\u1ea1i s\u1ebd c\u00f3 nh\u00e2n vi\u00ean c\u1ee7a SG Luxury Car h\u1ed7 tr\u1ee3 t\u1eadn t\u00ecnh.<\/p>\n<hr data-path-to-node=\"27\" \/>\n<p data-path-to-node=\"28\"><b data-path-to-node=\"28\" data-index-in-node=\"0\">L\u1eddi k\u1ebft:<\/b> D\u1ecbch v\u1ee5 <b data-path-to-node=\"28\" data-index-in-node=\"17\">thu\u00ea xe sang<\/b> Mercedes t\u1ea1i <b data-path-to-node=\"28\" data-index-in-node=\"43\">SG Luxury Car<\/b> cam k\u1ebft mang l\u1ea1i cho b\u1ea1n m\u1ed9t kh\u1edfi \u0111\u1ea7u vi\u00ean m\u00e3n v\u00e0 \u1ea5n t\u01b0\u1ee3ng. H\u00e3y \u0111\u1ec3 ch\u00fang t\u00f4i \u0111\u1ed3ng h\u00e0nh c\u00f9ng b\u1ea1n trong h\u00e0nh tr\u00ecnh \u0111i t\u1edbi h\u1ea1nh ph\u00fac.<\/p>\n<p data-path-to-node=\"29\"><b data-path-to-node=\"29\" data-index-in-node=\"0\">Li\u00ean h\u1ec7 ngay v\u1edbi SG Luxury Car \u0111\u1ec3 nh\u1eadn t\u01b0 v\u1ea5n v\u00e0 b\u00e1o gi\u00e1 \u01b0u \u0111\u00e3i nh\u1ea5t!<\/b><\/p>","protected":false},"excerpt":{"rendered":"<div class=\"card-body\">\n<div class=\"top\">\n<div class=\"title\">\n<ul>\n<li>Giao xe t\u1eadn n\u01a1i<\/li>\n<li>B\u1ea3o hi\u1ec3m tr\u1ecdn g\u00f3i<\/li>\n<li>H\u1ed7 tr\u1ee3 24\/7<\/li>\n<\/ul>\n<\/div>\n<\/div>\n<\/div>","protected":false},"featured_media":1082,"comment_status":"open","ping_status":"closed","template":"","meta":[],"product_brand":[],"product_cat":[40,41],"product_tag":[],"class_list":{"0":"post-1081","1":"product","2":"type-product","3":"status-publish","4":"has-post-thumbnail","6":"product_cat-mercedes","7":"product_cat-thuong-hieu-xe","9":"first","10":"instock","11":"shipping-taxable","12":"purchasable","13":"product-type-simple"},"yoast_head":"<!-- This site is optimized with the Yoast SEO plugin v27.4 - https:\/\/yoast.com\/product\/yoast-seo-wordpress\/ -->\n<title>Mercedes Cla 200 - SG Luxury Car<\/title>\n<meta name=\"robots\" content=\"index, follow, max-snippet:-1, max-image-preview:large, max-video-preview:-1\" \/>\n<link rel=\"canonical\" href=\"https:\/\/sgluxurycar.com\/en\/product\/mercedes-cla-200\/\" \/>\n<meta property=\"og:locale\" content=\"en_US\" \/>\n<meta property=\"og:type\" content=\"article\" \/>\n<meta property=\"og:title\" content=\"Mercedes Cla 200 - SG Luxury Car\" \/>\n<meta property=\"og:description\" content=\"Giao xe t\u1eadn n\u01a1i  B\u1ea3o hi\u1ec3m tr\u1ecdn g\u00f3i  H\u1ed7 tr\u1ee3 24\/7\" \/>\n<meta property=\"og:url\" content=\"https:\/\/sgluxurycar.com\/en\/product\/mercedes-cla-200\/\" \/>\n<meta property=\"og:site_name\" content=\"SG Luxury Car\" \/>\n<meta property=\"article:modified_time\" content=\"2026-04-19T16:42:01+00:00\" \/>\n<meta property=\"og:image\" content=\"https:\/\/sgluxurycar.com\/wp-content\/uploads\/2026\/04\/thue-xe-sang-quan-2-sg-luxury-car-mercedes-cla-200-rent-1.webp\" \/>\n\t<meta property=\"og:image:width\" content=\"643\" \/>\n\t<meta property=\"og:image:height\" content=\"435\" \/>\n\t<meta property=\"og:image:type\" content=\"image\/webp\" \/>\n<meta name=\"twitter:card\" content=\"summary_large_image\" \/>\n<meta name=\"twitter:label1\" content=\"Est. reading time\" \/>\n\t<meta name=\"twitter:data1\" content=\"4 minutes\" \/>\n<script type=\"application\/ld+json\" class=\"yoast-schema-graph\">{\"@context\":\"https:\\\/\\\/schema.org\",\"@graph\":[{\"@type\":\"WebPage\",\"@id\":\"https:\\\/\\\/sgluxurycar.com\\\/product\\\/mercedes-cla-200\\\/\",\"url\":\"https:\\\/\\\/sgluxurycar.com\\\/product\\\/mercedes-cla-200\\\/\",\"name\":\"Mercedes Cla 200 - SG Luxury Car\",\"isPartOf\":{\"@id\":\"https:\\\/\\\/sgluxurycar.com\\\/#website\"},\"primaryImageOfPage\":{\"@id\":\"https:\\\/\\\/sgluxurycar.com\\\/product\\\/mercedes-cla-200\\\/#primaryimage\"},\"image\":{\"@id\":\"https:\\\/\\\/sgluxurycar.com\\\/product\\\/mercedes-cla-200\\\/#primaryimage\"},\"thumbnailUrl\":\"https:\\\/\\\/sgluxurycar.com\\\/wp-content\\\/uploads\\\/2026\\\/04\\\/thue-xe-sang-quan-2-sg-luxury-car-mercedes-cla-200-rent-1.webp\",\"datePublished\":\"2026-04-13T14:24:32+00:00\",\"dateModified\":\"2026-04-19T16:42:01+00:00\",\"breadcrumb\":{\"@id\":\"https:\\\/\\\/sgluxurycar.com\\\/product\\\/mercedes-cla-200\\\/#breadcrumb\"},\"inLanguage\":\"en-US\",\"potentialAction\":[{\"@type\":\"ReadAction\",\"target\":[\"https:\\\/\\\/sgluxurycar.com\\\/product\\\/mercedes-cla-200\\\/\"]}]},{\"@type\":\"ImageObject\",\"inLanguage\":\"en-US\",\"@id\":\"https:\\\/\\\/sgluxurycar.com\\\/product\\\/mercedes-cla-200\\\/#primaryimage\",\"url\":\"https:\\\/\\\/sgluxurycar.com\\\/wp-content\\\/uploads\\\/2026\\\/04\\\/thue-xe-sang-quan-2-sg-luxury-car-mercedes-cla-200-rent-1.webp\",\"contentUrl\":\"https:\\\/\\\/sgluxurycar.com\\\/wp-content\\\/uploads\\\/2026\\\/04\\\/thue-xe-sang-quan-2-sg-luxury-car-mercedes-cla-200-rent-1.webp\",\"width\":643,\"height\":435},{\"@type\":\"BreadcrumbList\",\"@id\":\"https:\\\/\\\/sgluxurycar.com\\\/product\\\/mercedes-cla-200\\\/#breadcrumb\",\"itemListElement\":[{\"@type\":\"ListItem\",\"position\":1,\"name\":\"Home\",\"item\":\"https:\\\/\\\/sgluxurycar.com\\\/\"},{\"@type\":\"ListItem\",\"position\":2,\"name\":\"Shop\",\"item\":\"https:\\\/\\\/sgluxurycar.com\\\/?page_id=8\"},{\"@type\":\"ListItem\",\"position\":3,\"name\":\"Mercedes Cla 200\"}]},{\"@type\":\"WebSite\",\"@id\":\"https:\\\/\\\/sgluxurycar.com\\\/#website\",\"url\":\"https:\\\/\\\/sgluxurycar.com\\\/\",\"name\":\"SG Luxury Car\",\"description\":\"\",\"publisher\":{\"@id\":\"https:\\\/\\\/sgluxurycar.com\\\/#organization\"},\"potentialAction\":[{\"@type\":\"SearchAction\",\"target\":{\"@type\":\"EntryPoint\",\"urlTemplate\":\"https:\\\/\\\/sgluxurycar.com\\\/?s={search_term_string}\"},\"query-input\":{\"@type\":\"PropertyValueSpecification\",\"valueRequired\":true,\"valueName\":\"search_term_string\"}}],\"inLanguage\":\"en-US\"},{\"@type\":\"Organization\",\"@id\":\"https:\\\/\\\/sgluxurycar.com\\\/#organization\",\"name\":\"SG Luxury Car\",\"url\":\"https:\\\/\\\/sgluxurycar.com\\\/\",\"logo\":{\"@type\":\"ImageObject\",\"inLanguage\":\"en-US\",\"@id\":\"https:\\\/\\\/sgluxurycar.com\\\/#\\\/schema\\\/logo\\\/image\\\/\",\"url\":\"https:\\\/\\\/sgluxurycar.com\\\/wp-content\\\/uploads\\\/2026\\\/02\\\/sg-luxury-car-logo-thue-xe-sang-sg-luxury-car-sai-gon.png\",\"contentUrl\":\"https:\\\/\\\/sgluxurycar.com\\\/wp-content\\\/uploads\\\/2026\\\/02\\\/sg-luxury-car-logo-thue-xe-sang-sg-luxury-car-sai-gon.png\",\"width\":652,\"height\":346,\"caption\":\"SG Luxury Car\"},\"image\":{\"@id\":\"https:\\\/\\\/sgluxurycar.com\\\/#\\\/schema\\\/logo\\\/image\\\/\"}}]}<\/script>\n<!-- \/ Yoast SEO plugin. -->","yoast_head_json":{"title":"Mercedes Cla 200 - SG Luxury Car","robots":{"index":"index","follow":"follow","max-snippet":"max-snippet:-1","max-image-preview":"max-image-preview:large","max-video-preview":"max-video-preview:-1"},"canonical":"https:\/\/sgluxurycar.com\/en\/product\/mercedes-cla-200\/","og_locale":"en_US","og_type":"article","og_title":"Mercedes Cla 200 - SG Luxury Car","og_description":"Giao xe t\u1eadn n\u01a1i  B\u1ea3o hi\u1ec3m tr\u1ecdn g\u00f3i  H\u1ed7 tr\u1ee3 24\/7","og_url":"https:\/\/sgluxurycar.com\/en\/product\/mercedes-cla-200\/","og_site_name":"SG Luxury Car","article_modified_time":"2026-04-19T16:42:01+00:00","og_image":[{"width":643,"height":435,"url":"https:\/\/sgluxurycar.com\/wp-content\/uploads\/2026\/04\/thue-xe-sang-quan-2-sg-luxury-car-mercedes-cla-200-rent-1.webp","type":"image\/webp"}],"twitter_card":"summary_large_image","twitter_misc":{"Est. reading time":"4 minutes"},"schema":{"@context":"https:\/\/schema.org","@graph":[{"@type":"WebPage","@id":"https:\/\/sgluxurycar.com\/product\/mercedes-cla-200\/","url":"https:\/\/sgluxurycar.com\/product\/mercedes-cla-200\/","name":"Mercedes Cla 200 - SG Luxury Car","isPartOf":{"@id":"https:\/\/sgluxurycar.com\/#website"},"primaryImageOfPage":{"@id":"https:\/\/sgluxurycar.com\/product\/mercedes-cla-200\/#primaryimage"},"image":{"@id":"https:\/\/sgluxurycar.com\/product\/mercedes-cla-200\/#primaryimage"},"thumbnailUrl":"https:\/\/sgluxurycar.com\/wp-content\/uploads\/2026\/04\/thue-xe-sang-quan-2-sg-luxury-car-mercedes-cla-200-rent-1.webp","datePublished":"2026-04-13T14:24:32+00:00","dateModified":"2026-04-19T16:42:01+00:00","breadcrumb":{"@id":"https:\/\/sgluxurycar.com\/product\/mercedes-cla-200\/#breadcrumb"},"inLanguage":"en-US","potentialAction":[{"@type":"ReadAction","target":["https:\/\/sgluxurycar.com\/product\/mercedes-cla-200\/"]}]},{"@type":"ImageObject","inLanguage":"en-US","@id":"https:\/\/sgluxurycar.com\/product\/mercedes-cla-200\/#primaryimage","url":"https:\/\/sgluxurycar.com\/wp-content\/uploads\/2026\/04\/thue-xe-sang-quan-2-sg-luxury-car-mercedes-cla-200-rent-1.webp","contentUrl":"https:\/\/sgluxurycar.com\/wp-content\/uploads\/2026\/04\/thue-xe-sang-quan-2-sg-luxury-car-mercedes-cla-200-rent-1.webp","width":643,"height":435},{"@type":"BreadcrumbList","@id":"https:\/\/sgluxurycar.com\/product\/mercedes-cla-200\/#breadcrumb","itemListElement":[{"@type":"ListItem","position":1,"name":"Home","item":"https:\/\/sgluxurycar.com\/"},{"@type":"ListItem","position":2,"name":"Shop","item":"https:\/\/sgluxurycar.com\/?page_id=8"},{"@type":"ListItem","position":3,"name":"Mercedes Cla 200"}]},{"@type":"WebSite","@id":"https:\/\/sgluxurycar.com\/#website","url":"https:\/\/sgluxurycar.com\/","name":"SG Luxury Car","description":"","publisher":{"@id":"https:\/\/sgluxurycar.com\/#organization"},"potentialAction":[{"@type":"SearchAction","target":{"@type":"EntryPoint","urlTemplate":"https:\/\/sgluxurycar.com\/?s={search_term_string}"},"query-input":{"@type":"PropertyValueSpecification","valueRequired":true,"valueName":"search_term_string"}}],"inLanguage":"en-US"},{"@type":"Organization","@id":"https:\/\/sgluxurycar.com\/#organization","name":"SG Luxury Car","url":"https:\/\/sgluxurycar.com\/","logo":{"@type":"ImageObject","inLanguage":"en-US","@id":"https:\/\/sgluxurycar.com\/#\/schema\/logo\/image\/","url":"https:\/\/sgluxurycar.com\/wp-content\/uploads\/2026\/02\/sg-luxury-car-logo-thue-xe-sang-sg-luxury-car-sai-gon.png","contentUrl":"https:\/\/sgluxurycar.com\/wp-content\/uploads\/2026\/02\/sg-luxury-car-logo-thue-xe-sang-sg-luxury-car-sai-gon.png","width":652,"height":346,"caption":"SG Luxury Car"},"image":{"@id":"https:\/\/sgluxurycar.com\/#\/schema\/logo\/image\/"}}]}},"_links":{"self":[{"href":"https:\/\/sgluxurycar.com\/en\/wp-json\/wp\/v2\/product\/1081","targetHints":{"allow":["GET"]}}],"collection":[{"href":"https:\/\/sgluxurycar.com\/en\/wp-json\/wp\/v2\/product"}],"about":[{"href":"https:\/\/sgluxurycar.com\/en\/wp-json\/wp\/v2\/types\/product"}],"replies":[{"embeddable":true,"href":"https:\/\/sgluxurycar.com\/en\/wp-json\/wp\/v2\/comments?post=1081"}],"wp:featuredmedia":[{"embeddable":true,"href":"https:\/\/sgluxurycar.com\/en\/wp-json\/wp\/v2\/media\/1082"}],"wp:attachment":[{"href":"https:\/\/sgluxurycar.com\/en\/wp-json\/wp\/v2\/media?parent=1081"}],"wp:term":[{"taxonomy":"product_brand","embeddable":true,"href":"https:\/\/sgluxurycar.com\/en\/wp-json\/wp\/v2\/product_brand?post=1081"},{"taxonomy":"product_cat","embeddable":true,"href":"https:\/\/sgluxurycar.com\/en\/wp-json\/wp\/v2\/product_cat?post=1081"},{"taxonomy":"product_tag","embeddable":true,"href":"https:\/\/sgluxurycar.com\/en\/wp-json\/wp\/v2\/product_tag?post=1081"}],"curies":[{"name":"wp","href":"https:\/\/api.w.org\/{rel}","templated":true}]}}